{"id":497,"date":"2026-03-24T11:16:26","date_gmt":"2026-03-24T11:16:26","guid":{"rendered":"https:\/\/tsarion.fi\/?page_id=497"},"modified":"2026-04-08T08:49:30","modified_gmt":"2026-04-08T08:49:30","slug":"palvelut","status":"publish","type":"page","link":"https:\/\/tsarion.fi\/index.php\/palvelut\/","title":{"rendered":"Palvelut"},"content":{"rendered":"\n<h2 class=\"wp-block-heading\">Vastuualueemme ja osaamisemme<\/h2>\n\n\n\n<p><br>Tarjoamme t\u00e4yden betonirakentamisen syklin \u2013 muottit\u00f6ist\u00e4 ja raudoituksista valmiisiin betonirakenteisiin.<br><\/p>\n\n\n\n<div class=\"wp-block-group is-content-justification-center is-layout-flex wp-container-core-group-is-layout-64b26803 wp-block-group-is-layout-flex\">\n<div class=\"wp-block-buttons is-layout-flex wp-block-buttons-is-layout-flex\">\n<div class=\"wp-block-button\" id=\"beton\"><a class=\"wp-block-button__link wp-element-button\" href=\"#beton\"><mark style=\"background-color:rgba(0, 0, 0, 0)\" class=\"has-inline-color has-black-color\">Betonity\u00f6t<\/mark><\/a><\/div>\n<\/div>\n\n\n\n<div class=\"wp-block-buttons is-layout-flex wp-block-buttons-is-layout-flex\">\n<div class=\"wp-block-button\" id=\"Raudoitusty\u00f6t\"><a class=\"wp-block-button__link wp-element-button\" href=\"#raudoitus\"><mark style=\"background-color:rgba(0, 0, 0, 0)\" class=\"has-inline-color has-black-color\">Raudoitusty\u00f6t<\/mark><\/a><\/div>\n\n\n\n<div class=\"wp-block-button\"><a class=\"wp-block-button__link wp-element-button\" href=\"#Muottity\u00f6t\"><mark style=\"background-color:rgba(0, 0, 0, 0)\" class=\"has-inline-color has-black-color\">Muottity\u00f6t<\/mark><\/a><\/div>\n<\/div>\n<\/div>\n\n\n\n<br><br>\n\n\n\n<hr class=\"wp-block-separator has-alpha-channel-opacity\"\/>\n\n\n\n<h2 class=\"wp-block-heading\" id=\"beton\"><strong>Betonity\u00f6t kaiken vaativuustason kohteisiin<\/strong><\/h2>\n\n\n\n<p>Muotti, valu, j\u00e4lkihoito &#8211; vaativat hankkeet.<\/p>\n\n\n\n<p>Toteutamme betonity\u00f6t asuin-, liike- ja teollisuuskohteisiin \u2014 perustuksista valmiisiin rakenteisiin.<\/p>\n\n\n\n<ul class=\"wp-block-list\">\n<li>Perustukset ja peruslaatat<\/li>\n\n\n\n<li>Betonilattiat ja -laatat<\/li>\n\n\n\n<li>Paikallavaletut sein\u00e4t ja rakenteet<\/li>\n\n\n\n<li>Rakenteelliset ja teolliset betonity\u00f6t<\/li>\n<\/ul>\n\n\n\n<br><br>\n\n\n\n<figure class=\"wp-block-image size-large\"><img loading=\"lazy\" decoding=\"async\" width=\"1024\" height=\"439\" src=\"https:\/\/tsarion.fi\/wp-content\/uploads\/2026\/03\/Picture1-1024x439.png\" alt=\"\" class=\"wp-image-651\" srcset=\"https:\/\/tsarion.fi\/wp-content\/uploads\/2026\/03\/Picture1-1024x439.png 1024w, https:\/\/tsarion.fi\/wp-content\/uploads\/2026\/03\/Picture1-300x129.png 300w, https:\/\/tsarion.fi\/wp-content\/uploads\/2026\/03\/Picture1-768x329.png 768w, https:\/\/tsarion.fi\/wp-content\/uploads\/2026\/03\/Picture1.png 1431w\" sizes=\"auto, (max-width: 1024px) 100vw, 1024px\" \/><\/figure>\n\n\n\n<br><br>\n\n\n\n<hr class=\"wp-block-separator has-alpha-channel-opacity\"\/>\n\n\n\n<br><br>\n\n\n\n<h2 class=\"wp-block-heading\" id=\"raudoitus\"><strong>Raudoitusty\u00f6t<\/strong><\/h2>\n\n\n\n<p>Rakenteelliset raudoitusty\u00f6t suunnitelmien mukaisesti.<\/p>\n\n\n\n<p>Suoritamme raudoitusty\u00f6t rakennesuunnitelmien ja teknisten vaatimusten mukaisesti varmistaen betonirakenteiden lujuuden ja kest\u00e4vyyden.<\/p>\n\n\n\n<ul class=\"wp-block-list\">\n<li>Perustusten ja laattojen raudoitus<\/li>\n\n\n\n<li>Seinien ja kantavien rakenteiden raudoitus<\/li>\n\n\n\n<li>Raudoitekehien ja -verkkojen asennus<\/li>\n\n\n\n<li>Ty\u00f6t piirustusten ja suunnitelmien mukaan<\/li>\n<\/ul>\n\n\n\n<br><br>\n\n\n\n<figure class=\"wp-block-image size-large is-style-default\"><img loading=\"lazy\" decoding=\"async\" width=\"1024\" height=\"517\" src=\"https:\/\/tsarion.fi\/wp-content\/uploads\/2026\/03\/Picture2-1024x517.png\" alt=\"\" class=\"wp-image-652\" srcset=\"https:\/\/tsarion.fi\/wp-content\/uploads\/2026\/03\/Picture2-1024x517.png 1024w, https:\/\/tsarion.fi\/wp-content\/uploads\/2026\/03\/Picture2-300x151.png 300w, https:\/\/tsarion.fi\/wp-content\/uploads\/2026\/03\/Picture2-768x387.png 768w, https:\/\/tsarion.fi\/wp-content\/uploads\/2026\/03\/Picture2.png 1431w\" sizes=\"auto, (max-width: 1024px) 100vw, 1024px\" \/><\/figure>\n\n\n\n<br><br>\n\n\n\n<hr class=\"wp-block-separator has-alpha-channel-opacity\"\/>\n\n\n\n<br><br>\n\n\n\n<h2 class=\"wp-block-heading\" id=\"Muottity\u00f6t\"><strong>Muottity\u00f6t<\/strong><\/h2>\n\n\n\n<p>T\u00e4ysin varustellut tiimit ymp\u00e4ri Suomen.<\/p>\n\n\n\n<p>Toteutamme ammattitaitoiset muottity\u00f6t, jotka varmistavat rakenteiden tarkan geometrian ja oikean valmistelun betonointia varten, my\u00f6s vaativissa rakenteellisissa yksityiskohdissa.<\/p>\n\n\n\n<ul class=\"wp-block-list\">\n<li>Muottij\u00e4rjestelmien asennus ja purku<\/li>\n\n\n\n<li>Seinien, laattojen, palkkien ja aukkojen muottity\u00f6t<\/li>\n\n\n\n<li>J\u00e4rjestelm\u00e4- ja erikoismuotit<\/li>\n\n\n\n<li>Geometrian tarkistus ja valmistelu ennen betonointia<\/li>\n<\/ul>\n\n\n\n<br><br>\n\n\n\n<figure class=\"wp-block-image size-full\"><img loading=\"lazy\" decoding=\"async\" width=\"675\" height=\"900\" src=\"https:\/\/tsarion.fi\/wp-content\/uploads\/2026\/03\/Picture3.png\" alt=\"\" class=\"wp-image-654\" srcset=\"https:\/\/tsarion.fi\/wp-content\/uploads\/2026\/03\/Picture3.png 675w, https:\/\/tsarion.fi\/wp-content\/uploads\/2026\/03\/Picture3-225x300.png 225w\" sizes=\"auto, (max-width: 675px) 100vw, 675px\" \/><\/figure>\n\n\n\n<br><br>\n\n\n\n<hr class=\"wp-block-separator has-alpha-channel-opacity\"\/>\n\n\n\n<p><\/p>\n","protected":false},"excerpt":{"rendered":"<p>Vastuualueemme ja osaamisemme Tarjoamme t\u00e4yden betonirakentamisen syklin \u2013 muottit\u00f6ist\u00e4 ja raudoituksista valmiisiin betonirakenteisiin. Betonity\u00f6t kaiken vaativuustason kohteisiin Muotti, valu, j\u00e4lkihoito &#8211; vaativat hankkeet. Toteutamme betonity\u00f6t asuin-, liike- ja teollisuuskohteisiin \u2014&hellip;<\/p>\n","protected":false},"author":1,"featured_media":0,"parent":0,"menu_order":0,"comment_status":"closed","ping_status":"closed","template":"","meta":{"_monsterinsights_skip_tracking":false,"_monsterinsights_sitenote_active":false,"_monsterinsights_sitenote_note":"","_monsterinsights_sitenote_category":0,"footnotes":""},"class_list":["post-497","page","type-page","status-publish","hentry"],"aioseo_notices":[],"_links":{"self":[{"href":"https:\/\/tsarion.fi\/index.php\/wp-json\/wp\/v2\/pages\/497","targetHints":{"allow":["GET"]}}],"collection":[{"href":"https:\/\/tsarion.fi\/index.php\/wp-json\/wp\/v2\/pages"}],"about":[{"href":"https:\/\/tsarion.fi\/index.php\/wp-json\/wp\/v2\/types\/page"}],"author":[{"embeddable":true,"href":"https:\/\/tsarion.fi\/index.php\/wp-json\/wp\/v2\/users\/1"}],"replies":[{"embeddable":true,"href":"https:\/\/tsarion.fi\/index.php\/wp-json\/wp\/v2\/comments?post=497"}],"version-history":[{"count":50,"href":"https:\/\/tsarion.fi\/index.php\/wp-json\/wp\/v2\/pages\/497\/revisions"}],"predecessor-version":[{"id":958,"href":"https:\/\/tsarion.fi\/index.php\/wp-json\/wp\/v2\/pages\/497\/revisions\/958"}],"wp:attachment":[{"href":"https:\/\/tsarion.fi\/index.php\/wp-json\/wp\/v2\/media?parent=497"}],"curies":[{"name":"wp","href":"https:\/\/api.w.org\/{rel}","templated":true}]}}