{"id":3,"date":"2026-03-24T12:24:23","date_gmt":"2026-03-24T12:24:23","guid":{"rendered":"https:\/\/tsarion.fi\/?page_id=3"},"modified":"2026-04-08T07:55:47","modified_gmt":"2026-04-08T07:55:47","slug":"yksityisyyssuoja","status":"publish","type":"page","link":"https:\/\/tsarion.fi\/index.php\/yksityisyyssuoja\/","title":{"rendered":"Yksityisyyssuoja"},"content":{"rendered":"\n<p><strong>Rekisterinpit\u00e4j\u00e4<\/strong><br>Tsarion Oy<br>Y-Tunnus: 3299354-5<br>Puhelinnumero: 045 165 7818<br>Osoite: Kankurinpolku 2 A 13, 04200 Kerava<\/p>\n\n\n\n<p><strong>Rekisteriasioita hoitava henkil\u00f6<br><\/strong>Deniss Tsarjov<br>S\u00e4hk\u00f6postiosoite: deniss@tsarion.fi<br>Puhelinnumero: 045 165 7818<\/p>\n\n\n\n<p><strong>Rekisterin nimi<br><\/strong>Tsarion Oy asiakasrekisteri<br>Henkil\u00f6tietojen k\u00e4sittelyn tarkoitus Tsarion Oy tehtyjen yhteydenotto k\u00e4sitteleminen ja asiakassuhteen hoitaminen.<\/p>\n\n\n\n<p><strong>Rekisterin tietosis\u00e4lt\u00f6<br><\/strong>Asiakkaan Etu ja Sukunimi<br>S\u00e4hk\u00f6postiosoite<br>Puhelinnumero<br>Tarjouksen tiedot<br>Asiakkaan viesti<br>Ty\u00f6nhakijan cv ja lis\u00e4\u00e4 tiedot<br>L\u00e4hetysaika<br>IP osoite<\/p>\n\n\n\n<p><strong>S\u00e4\u00e4nn\u00f6nmukaiset tietol\u00e4hteet<br><\/strong>Asiakkaan oma ilmoitus.<\/p>\n\n\n\n<p><strong>Tietojen luovutus<br><\/strong>Asiakasrekisterin tietoja ei luovuteta kolmannelle osapuolelle.<\/p>\n\n\n\n<p><strong>Rekisterin suojauksen periaatteet<br><\/strong>Rekisteri\u00e4 ei s\u00e4ilytet\u00e4 paperitulosteena. ATK-pohjainen j\u00e4rjestelm\u00e4 on suojattu ulkoap\u00e4in palomuuri- ja salasanasuojauksin. Rekisteri\u00e4 k\u00e4ytt\u00e4v\u00e4t ainoastaan henkil\u00f6t, joiden toimenkuvaan sen k\u00e4ytt\u00f6 kuuluu. Rekisterin k\u00e4ytt\u00f6oikeuksia valvoo rekisteriasioita hoitava henkil\u00f6.<\/p>\n\n\n\n<p><em>Versio p\u00e4ivitetty 03.04.2026<\/em><\/p>\n","protected":false},"excerpt":{"rendered":"<p>Rekisterinpit\u00e4j\u00e4Tsarion OyY-Tunnus: 3299354-5Puhelinnumero: 045 165 7818Osoite: Kankurinpolku 2 A 13, 04200 Kerava Rekisteriasioita hoitava henkil\u00f6Deniss TsarjovS\u00e4hk\u00f6postiosoite: deniss@tsarion.fiPuhelinnumero: 045 165 7818 Rekisterin nimiTsarion Oy asiakasrekisteriHenkil\u00f6tietojen k\u00e4sittelyn tarkoitus Tsarion Oy tehtyjen yhteydenotto&hellip;<\/p>\n","protected":false},"author":1,"featured_media":0,"parent":0,"menu_order":0,"comment_status":"closed","ping_status":"closed","template":"","meta":{"_monsterinsights_skip_tracking":false,"_monsterinsights_sitenote_active":false,"_monsterinsights_sitenote_note":"","_monsterinsights_sitenote_category":0,"footnotes":""},"class_list":["post-3","page","type-page","status-publish","hentry"],"aioseo_notices":[],"_links":{"self":[{"href":"https:\/\/tsarion.fi\/index.php\/wp-json\/wp\/v2\/pages\/3","targetHints":{"allow":["GET"]}}],"collection":[{"href":"https:\/\/tsarion.fi\/index.php\/wp-json\/wp\/v2\/pages"}],"about":[{"href":"https:\/\/tsarion.fi\/index.php\/wp-json\/wp\/v2\/types\/page"}],"author":[{"embeddable":true,"href":"https:\/\/tsarion.fi\/index.php\/wp-json\/wp\/v2\/users\/1"}],"replies":[{"embeddable":true,"href":"https:\/\/tsarion.fi\/index.php\/wp-json\/wp\/v2\/comments?post=3"}],"version-history":[{"count":4,"href":"https:\/\/tsarion.fi\/index.php\/wp-json\/wp\/v2\/pages\/3\/revisions"}],"predecessor-version":[{"id":925,"href":"https:\/\/tsarion.fi\/index.php\/wp-json\/wp\/v2\/pages\/3\/revisions\/925"}],"wp:attachment":[{"href":"https:\/\/tsarion.fi\/index.php\/wp-json\/wp\/v2\/media?parent=3"}],"curies":[{"name":"wp","href":"https:\/\/api.w.org\/{rel}","templated":true}]}}